{"id":503,"date":"2019-12-26T13:33:34","date_gmt":"2019-12-26T13:33:34","guid":{"rendered":"https:\/\/ninetheme.com\/themes\/r-energy\/?page_id=503"},"modified":"2023-02-05T13:12:14","modified_gmt":"2023-02-05T10:12:14","slug":"iletisim","status":"publish","type":"page","link":"https:\/\/lotpano.com.tr\/en\/iletisim\/","title":{"rendered":"Contact"},"content":{"rendered":"<div data-elementor-type=\"wp-page\" data-elementor-id=\"503\" class=\"elementor elementor-503\">\n\t\t\t\t\t\t<section class=\"elementor-section elementor-top-section elementor-element elementor-element-5ca529 elementor-section-stretched elementor-section-full_width elementor-section-height-default elementor-section-height-default\" data-id=\"5ca529\" data-element_type=\"section\" data-settings=\"{&quot;stretch_section&quot;:&quot;section-stretched&quot;}\">\n\t\t\t\t\t\t<div class=\"elementor-container elementor-column-gap-no\">\n\t\t\t\t\t<div class=\"elementor-column elementor-col-100 elementor-top-column elementor-element elementor-element-7f806cf0\" data-id=\"7f806cf0\" data-element_type=\"column\">\n\t\t\t<div class=\"elementor-widget-wrap elementor-element-populated\">\n\t\t\t\t\t\t<div class=\"elementor-element elementor-element-25b69deb elementor-widget elementor-widget-r-energy-page-hero-section\" data-id=\"25b69deb\" data-element_type=\"widget\" data-widget_type=\"r-energy-page-hero-section.default\">\n\t\t\t\t<div class=\"elementor-widget-container\">\n\t\t\t<div class=\"promo-primary\"><div class=\"overlay\"><\/div><picture><source srcset=\"https:\/\/lotpano.com.tr\/wp-content\/uploads\/2022\/03\/electricity-station-handshake-2021-08-26-15-42-55-utc-min-scaled-e1648578868520.jpg\" media=\"(min-width: 992px)\"\/><img decoding=\"async\" class=\"img-bg\" src=\"https:\/\/lotpano.com.tr\/wp-content\/uploads\/2022\/03\/electricity-station-handshake-2021-08-26-15-42-55-utc-min-scaled-e1648578868520.jpg\" alt=\"electricity-station-handshake-2021-08-26-15-42-55-utc-min-scaled-e1648578868520.jpg\"\/><\/picture><div class=\"container\"><div class=\"row\"><div class=\"col-12\"><div class=\"align-container\"><div class=\"align-item\"><span class=\"site__name\">LOT Pano<\/span><h1 class=\"title\">Contact<\/h1><\/div><\/div><\/div><\/div><\/div><\/div>\t\t<\/div>\n\t\t\t\t<\/div>\n\t\t\t\t\t<\/div>\n\t\t<\/div>\n\t\t\t\t\t<\/div>\n\t\t<\/section>\n\t\t\t\t<div class=\"elementor-section elementor-top-section elementor-element elementor-element-6a6a2e6 elementor-section-stretched elementor-section-full_width nt-section section default-indent elementor-section-height-default elementor-section-height-default\" data-id=\"6a6a2e6\" data-element_type=\"section\" data-settings=\"{&quot;stretch_section&quot;:&quot;section-stretched&quot;}\">\n\t\t\t\t\t\t<div class=\"elementor-container elementor-column-gap-no\">\n\t\t\t\t\t<div class=\"elementor-column elementor-col-100 elementor-top-column elementor-element elementor-element-be497d2\" data-id=\"be497d2\" data-element_type=\"column\">\n\t\t\t<div class=\"elementor-widget-wrap elementor-element-populated\">\n\t\t\t\t\t\t<section class=\"elementor-section elementor-inner-section elementor-element elementor-element-5de8d31 elementor-section-boxed elementor-section-height-default elementor-section-height-default\" data-id=\"5de8d31\" data-element_type=\"section\">\n\t\t\t\t\t\t<div class=\"elementor-container elementor-column-gap-default\">\n\t\t\t\t\t<div class=\"elementor-column elementor-col-50 elementor-inner-column elementor-element elementor-element-9616090\" data-id=\"9616090\" data-element_type=\"column\" data-settings=\"{&quot;background_background&quot;:&quot;classic&quot;}\">\n\t\t\t<div class=\"elementor-widget-wrap elementor-element-populated\">\n\t\t\t\t\t<div class=\"elementor-background-overlay\"><\/div>\n\t\t\t\t\t\t<div class=\"elementor-element elementor-element-df9cc6f elementor-widget elementor-widget-heading\" data-id=\"df9cc6f\" data-element_type=\"widget\" data-widget_type=\"heading.default\">\n\t\t\t\t<div class=\"elementor-widget-container\">\n\t\t\t<style>\/*! elementor - v3.21.0 - 20-05-2024 *\/\n.elementor-heading-title{padding:0;margin:0;line-height:1}.elementor-widget-heading .elementor-heading-title[class*=elementor-size-]>a{color:inherit;font-size:inherit;line-height:inherit}.elementor-widget-heading .elementor-heading-title.elementor-size-small{font-size:15px}.elementor-widget-heading .elementor-heading-title.elementor-size-medium{font-size:19px}.elementor-widget-heading .elementor-heading-title.elementor-size-large{font-size:29px}.elementor-widget-heading .elementor-heading-title.elementor-size-xl{font-size:39px}.elementor-widget-heading .elementor-heading-title.elementor-size-xxl{font-size:59px}<\/style><span class=\"elementor-heading-title elementor-size-default\">About Our Company<\/span>\t\t<\/div>\n\t\t\t\t<\/div>\n\t\t\t\t<div class=\"elementor-element elementor-element-afe6b18 elementor-widget elementor-widget-heading\" data-id=\"afe6b18\" data-element_type=\"widget\" data-widget_type=\"heading.default\">\n\t\t\t\t<div class=\"elementor-widget-container\">\n\t\t\t<p class=\"elementor-heading-title elementor-size-default translation-block\">It was established with more than 30 years of experience in the electricity sector and set out to share its experiences with you, our valued customers. We are a company that has adopted the principles of <strong>Quality Service<\/strong>, <strong>Timely Delivery<\/strong> and <strong>Correct Engineering<\/strong> and aimed stability in similar matters.<\/p>\t\t<\/div>\n\t\t\t\t<\/div>\n\t\t\t\t\t<\/div>\n\t\t<\/div>\n\t\t\t\t<div class=\"elementor-column elementor-col-50 elementor-inner-column elementor-element elementor-element-8c3d88b\" data-id=\"8c3d88b\" data-element_type=\"column\">\n\t\t\t<div class=\"elementor-widget-wrap elementor-element-populated\">\n\t\t\t\t\t\t<div class=\"elementor-element elementor-element-f4c6b1e elementor-widget elementor-widget-r-energy-section-heading\" data-id=\"f4c6b1e\" data-element_type=\"widget\" data-widget_type=\"r-energy-section-heading.default\">\n\t\t\t\t<div class=\"elementor-widget-container\">\n\t\t\t<div class=\"heading primary-heading\"><h5 class=\"subtitle translation-block\"><span>Contact<\/span> <span>Us<\/span><\/h5><\/div>\t\t<\/div>\n\t\t\t\t<\/div>\n\t\t\t\t<div class=\"elementor-element elementor-element-bd9d5d8 elementor-widget elementor-widget-r-energy-contact-form-7\" data-id=\"bd9d5d8\" data-element_type=\"widget\" data-widget_type=\"r-energy-contact-form-7.default\">\n\t\t\t\t<div class=\"elementor-widget-container\">\n\t\t\t<div class=\"section-contact get-in-touch\">\n<div class=\"wpcf7 no-js\" id=\"wpcf7-f6363-o1\" lang=\"tr-TR\" dir=\"ltr\">\n<div class=\"screen-reader-response\"><p role=\"status\" aria-live=\"polite\" aria-atomic=\"true\"><\/p> <ul><\/ul><\/div>\n<form action=\"\/en\/wp-json\/wp\/v2\/pages\/503#wpcf7-f6363-o1\" method=\"post\" class=\"wpcf7-form init\" aria-label=\"Contact form\" novalidate=\"novalidate\" data-status=\"init\" data-trp-original-action=\"\/en\/wp-json\/wp\/v2\/pages\/503#wpcf7-f6363-o1\">\n<div style=\"display: none;\">\n<input type=\"hidden\" name=\"_wpcf7\" value=\"6363\" \/>\n<input type=\"hidden\" name=\"_wpcf7_version\" value=\"5.9.4\" \/>\n<input type=\"hidden\" name=\"_wpcf7_locale\" value=\"tr_TR\" \/>\n<input type=\"hidden\" name=\"_wpcf7_unit_tag\" value=\"wpcf7-f6363-o1\" \/>\n<input type=\"hidden\" name=\"_wpcf7_container_post\" value=\"0\" \/>\n<input type=\"hidden\" name=\"_wpcf7_posted_data_hash\" value=\"\" \/>\n<\/div>\n<div class=\"form js-contact-form contact--form contacts-page-form\">\n\t<div class=\"row\">\n\t\t<div class=\"col-md-6\">\n\t\t\t<p><label class=\"input-label\"> Name<br \/>\n<span class=\"wpcf7-form-control-wrap\" data-name=\"your-name\"><input size=\"40\" class=\"wpcf7-form-control wpcf7-text wpcf7-validates-as-required form-field input\" aria-required=\"true\" aria-invalid=\"false\" value=\"\" type=\"text\" name=\"your-name\" \/><\/span> <\/label>\n\t\t\t<\/p>\n\t\t<\/div>\n\t\t<div class=\"col-md-6\">\n\t\t\t<p><label class=\"input-label\"> E-Mail<br \/>\n<span class=\"wpcf7-form-control-wrap\" data-name=\"your-email\"><input size=\"40\" class=\"wpcf7-form-control wpcf7-email wpcf7-validates-as-required wpcf7-text wpcf7-validates-as-email form-field input\" aria-required=\"true\" aria-invalid=\"false\" value=\"\" type=\"email\" name=\"your-email\" \/><\/span> <\/label>\n\t\t\t<\/p>\n\t\t<\/div>\n\t\t<div class=\"col-md-6\">\n\t\t\t<p><label class=\"input-label\"> Subject<br \/>\n<span class=\"wpcf7-form-control-wrap\" data-name=\"your-subject\"><input size=\"40\" class=\"wpcf7-form-control wpcf7-text wpcf7-validates-as-required form-field input\" aria-required=\"true\" aria-invalid=\"false\" value=\"\" type=\"text\" name=\"your-subject\" \/><\/span> <\/label>\n\t\t\t<\/p>\n\t\t<\/div>\n\t\t<div class=\"col-md-6\">\n\t\t\t<p><label class=\"textarea-label\"> Your Message<br \/>\n<span class=\"wpcf7-form-control-wrap\" data-name=\"your-message\"><textarea cols=\"40\" rows=\"10\" class=\"wpcf7-form-control wpcf7-textarea form-field textarea\" aria-invalid=\"false\" name=\"your-message\"><\/textarea><\/span> <\/label>\n\t\t\t<\/p>\n\t\t<\/div>\n\t\t<div class=\"row\">\n\t\t\t<div class=\"col-12\">\n\t\t\t\t<div class=\"button-holder\">\n\t\t\t\t\t<p><button class=\"r-button r-button--transparent wpcf7-form-control wpcf7-submit\" type=\"submit\" data-hover=\"G\u00f6nder\"><span>Submit<\/span><\/button>\n\t\t\t\t\t<\/p>\n\t\t\t\t<\/div>\n\t\t\t<\/div>\n\t\t<\/div>\n\t<\/div>\n<\/div><p style=\"display: none !important;\" class=\"akismet-fields-container\" data-prefix=\"_wpcf7_ak_\"><label>&#916;<textarea name=\"_wpcf7_ak_hp_textarea\" cols=\"45\" rows=\"8\" maxlength=\"100\"><\/textarea><\/label><input type=\"hidden\" id=\"ak_js_1\" name=\"_wpcf7_ak_js\" value=\"196\"\/><script>document.getElementById( \"ak_js_1\" ).setAttribute( \"value\", ( new Date() ).getTime() );<\/script><\/p><div class=\"wpcf7-response-output\" aria-hidden=\"true\"><\/div>\n<input type=\"hidden\" name=\"trp-form-language\" value=\"en\"\/><\/form>\n<\/div>\n<\/div>\t\t<\/div>\n\t\t\t\t<\/div>\n\t\t\t\t\t<\/div>\n\t\t<\/div>\n\t\t\t\t\t<\/div>\n\t\t<\/section>\n\t\t\t\t\t<\/div>\n\t\t<\/div>\n\t\t\t\t\t<\/div>\n\t\t<\/div>\n\t\t\t\t<div class=\"elementor-section elementor-top-section elementor-element elementor-element-59b02cd elementor-section-stretched elementor-section-full_width elementor-section-height-default elementor-section-height-default\" data-id=\"59b02cd\" data-element_type=\"section\" data-settings=\"{&quot;stretch_section&quot;:&quot;section-stretched&quot;}\">\n\t\t\t\t\t\t<div class=\"elementor-container elementor-column-gap-no\">\n\t\t\t\t\t<div class=\"elementor-column elementor-col-100 elementor-top-column elementor-element elementor-element-b5dc009\" data-id=\"b5dc009\" data-element_type=\"column\">\n\t\t\t<div class=\"elementor-widget-wrap elementor-element-populated\">\n\t\t\t\t\t\t<div class=\"elementor-element elementor-element-28e3d58 elementor-widget elementor-widget-r-energy-contact-form-map-section\" data-id=\"28e3d58\" data-element_type=\"widget\" data-widget_type=\"r-energy-contact-form-map-section.default\">\n\t\t\t\t<div class=\"elementor-widget-container\">\n\t\t\t<div class=\"map-section section-contact\"><div class=\"contacts-banner\"><div class=\"container\"><div class=\"row\"><div class=\"col-12\"><div class=\"title-block\"><h2 class=\"title\">Visit Us<\/h2><\/div><\/div><\/div><div class=\"row\"><div class=\"col-12\"><div class=\"address-block inner-block\"><p class=\"address\">LOT Pano Elektrik San. ve Tic. Ltd. Sti.\n<br>\nYenido\u011fan Mah. Sezai Karako\u00e7 Blv. No:11<br>Y\u00fcre\u011fir \/ Adana <\/p><\/div><\/div><div class=\"col-12\"><div class=\"phones-block inner-block\"><p><a href='#'>+90 322 346 40 00<br>+90 545 322 08 16<\/a><\/p><\/div><\/div><div class=\"col-12\"><div class=\"mail-block inner-block\"><p><a href='#'>info@lotpano.com.tr<\/a><\/p><\/div><\/div><\/div><div class=\"row\"><div class=\"col-12\"><div class=\"r-button-holder\"><a class=\"r-button r-button--filled\" href=\"https:\/\/goo.gl\/maps\/CkoVfVbbjhMoCCoe7\" target=\"_blank\" data-hover=\"Lokasyonu \u0130ncele\"><span>View Location<\/span><\/a><\/div><\/div><\/div><\/div><\/div><div class=\"custom-embed-map\"><iframe frameborder=\"0\" scrolling=\"no\" marginheight=\"0\" marginwidth=\"0\" src=\"https:\/\/maps.google.com\/maps?q=Yeni%20Mahalle%20B%C3%BCy%C3%BCk%20Toptanc%C4%B1lar%20Sitesi%202092.%20sokak%20No%3A12%2C%2001340%20Sar%C4%B1%C3%A7am%2FAdana&amp;t=m&amp;z=16&amp;output=embed&amp;iwloc=near\" title=\"Yeni Mahalle B\u00fcy\u00fck Toptanc\u0131lar Sitesi 2092. sokak No:12, 01340 Sar\u0131\u00e7am\/Adana\" aria-label=\"Yeni Mahalle B\u00fcy\u00fck Toptanc\u0131lar Sitesi 2092. sokak No:12, 01340 Sar\u0131\u00e7am\/Adana\"><\/iframe><\/div><\/div>\t\t<\/div>\n\t\t\t\t<\/div>\n\t\t\t\t\t<\/div>\n\t\t<\/div>\n\t\t\t\t\t<\/div>\n\t\t<\/div>\n\t\t\t\t<\/div>","protected":false},"excerpt":{"rendered":"<p>LOT Pano \u0130leti\u015fim \u015eirketimiz Hakk\u0131nda Elektrik sekt\u00f6r\u00fcnde edinilmi\u015f 30 y\u0131l\u0131 a\u015fk\u0131n tecr\u00fcbe ile kurulmu\u015f olup, edindi\u011fi tecr\u00fcbeleri siz de\u011ferli m\u00fc\u015fteriler ile payla\u015fmak \u00fczere yola \u00e7\u0131km\u0131\u015ft\u0131r. Kaliteli Hizmet, Zaman\u0131nda Teslim ve Do\u011fru M\u00fchendislik konular\u0131n\u0131 ilke edinmi\u015f ve benzeri konularda istikrar\u0131 hedeflemi\u015f bir firmay\u0131z. Bize Ula\u015f\u0131n Ad\u0131n\u0131z Soyad\u0131n\u0131z E-posta adresiniz Konu Mesaj\u0131n\u0131z G\u00f6nder &#916; Bizi Ziyaret Edin&#8230;<\/p>","protected":false},"author":1,"featured_media":0,"parent":0,"menu_order":0,"comment_status":"closed","ping_status":"closed","template":"elementor_header_footer","meta":{"_acf_changed":false,"footnotes":""},"acf":[],"_links":{"self":[{"href":"https:\/\/lotpano.com.tr\/en\/wp-json\/wp\/v2\/pages\/503"}],"collection":[{"href":"https:\/\/lotpano.com.tr\/en\/wp-json\/wp\/v2\/pages"}],"about":[{"href":"https:\/\/lotpano.com.tr\/en\/wp-json\/wp\/v2\/types\/page"}],"author":[{"embeddable":true,"href":"https:\/\/lotpano.com.tr\/en\/wp-json\/wp\/v2\/users\/1"}],"replies":[{"embeddable":true,"href":"https:\/\/lotpano.com.tr\/en\/wp-json\/wp\/v2\/comments?post=503"}],"version-history":[{"count":118,"href":"https:\/\/lotpano.com.tr\/en\/wp-json\/wp\/v2\/pages\/503\/revisions"}],"predecessor-version":[{"id":6756,"href":"https:\/\/lotpano.com.tr\/en\/wp-json\/wp\/v2\/pages\/503\/revisions\/6756"}],"wp:attachment":[{"href":"https:\/\/lotpano.com.tr\/en\/wp-json\/wp\/v2\/media?parent=503"}],"curies":[{"name":"wp","href":"https:\/\/api.w.org\/{rel}","templated":true}]}}