{"id":5326,"date":"2022-03-07T10:14:09","date_gmt":"2022-03-07T07:14:09","guid":{"rendered":"http:\/\/lotpano.com.tr\/?page_id=5326"},"modified":"2023-02-05T12:49:01","modified_gmt":"2023-02-05T09:49:01","slug":"motor-kontrol-merkezi-panolari-mcc","status":"publish","type":"page","link":"https:\/\/lotpano.com.tr\/en\/motor-kontrol-merkezi-panolari-mcc\/","title":{"rendered":"Engine Control Center Boards (MCC)"},"content":{"rendered":"<div data-elementor-type=\"wp-page\" data-elementor-id=\"5326\" class=\"elementor elementor-5326\">\n\t\t\t\t\t\t<section class=\"elementor-section elementor-top-section elementor-element elementor-element-a652ceb elementor-section-full_width elementor-section-height-default elementor-section-height-default\" data-id=\"a652ceb\" data-element_type=\"section\">\n\t\t\t\t\t\t<div class=\"elementor-container elementor-column-gap-no\">\n\t\t\t\t\t<div class=\"elementor-column elementor-col-100 elementor-top-column elementor-element elementor-element-34b24d4\" data-id=\"34b24d4\" data-element_type=\"column\">\n\t\t\t<div class=\"elementor-widget-wrap elementor-element-populated\">\n\t\t\t\t\t\t<div class=\"elementor-element elementor-element-b709b64 elementor-widget elementor-widget-r-energy-page-hero-section\" data-id=\"b709b64\" data-element_type=\"widget\" data-widget_type=\"r-energy-page-hero-section.default\">\n\t\t\t\t<div class=\"elementor-widget-container\">\n\t\t\t<div class=\"promo-primary\"><div class=\"overlay\"><\/div><picture><source srcset=\"https:\/\/lotpano.com.tr\/wp-content\/uploads\/2022\/03\/electrician-testing-fuses-in-the-electric-box-2021-09-04-08-16-14-utc-scaled.jpeg\" media=\"(min-width: 992px)\"\/><img decoding=\"async\" class=\"img-bg\" src=\"https:\/\/lotpano.com.tr\/wp-content\/uploads\/2022\/03\/electrician-testing-fuses-in-the-electric-box-2021-09-04-08-16-14-utc-scaled.jpeg\" alt=\"electrician-testing-fuses-in-the-electric-box-2021-09-04-08-16-14-utc-scaled.jpeg\"\/><\/picture><div class=\"container\"><div class=\"row\"><div class=\"col-12\"><div class=\"align-container\"><div class=\"align-item\"><span class=\"site__name\">LOT Pano<\/span><h1 class=\"title\">Engine Control Center Boards (MCC)<\/h1><\/div><\/div><\/div><\/div><\/div><\/div>\t\t<\/div>\n\t\t\t\t<\/div>\n\t\t\t\t\t<\/div>\n\t\t<\/div>\n\t\t\t\t\t<\/div>\n\t\t<\/section>\n\t\t\t\t<section class=\"elementor-section elementor-top-section elementor-element elementor-element-280afab elementor-section-stretched nt-section section default-indent half-overlay elementor-section-boxed elementor-section-height-default elementor-section-height-default\" data-id=\"280afab\" data-element_type=\"section\" data-settings=\"{&quot;stretch_section&quot;:&quot;section-stretched&quot;}\">\n\t\t\t\t\t\t\t<div class=\"elementor-background-overlay\"><\/div>\n\t\t\t\t\t\t\t<div class=\"elementor-container elementor-column-gap-no\">\n\t\t\t\t\t<div class=\"elementor-column elementor-col-50 elementor-top-column elementor-element elementor-element-3ca31ba\" data-id=\"3ca31ba\" data-element_type=\"column\">\n\t\t\t<div class=\"elementor-widget-wrap elementor-element-populated\">\n\t\t\t\t\t\t<section class=\"elementor-section elementor-inner-section elementor-element elementor-element-b14ab94 elementor-section-boxed elementor-section-height-default elementor-section-height-default\" data-id=\"b14ab94\" data-element_type=\"section\">\n\t\t\t\t\t\t<div class=\"elementor-container elementor-column-gap-default\">\n\t\t\t\t\t<div class=\"elementor-column elementor-col-50 elementor-inner-column elementor-element elementor-element-8efca40\" data-id=\"8efca40\" data-element_type=\"column\">\n\t\t\t<div class=\"elementor-widget-wrap elementor-element-populated\">\n\t\t\t\t\t\t<div class=\"elementor-element elementor-element-9638695 elementor-view-default elementor-widget elementor-widget-icon\" data-id=\"9638695\" data-element_type=\"widget\" data-widget_type=\"icon.default\">\n\t\t\t\t<div class=\"elementor-widget-container\">\n\t\t\t\t\t<div class=\"elementor-icon-wrapper\">\n\t\t\t<div class=\"elementor-icon\">\n\t\t\t<svg xmlns=\"http:\/\/www.w3.org\/2000\/svg\" height=\"480pt\" viewbox=\"0 0 480 480\" width=\"480pt\"><path d=\"m472 160c4.417969 0 8-3.582031 8-8v-32c0-4.417969-3.582031-8-8-8h-64v-24c0-4.417969-3.582031-8-8-8h-80c-4.417969 0-8 3.582031-8 8v24h-144v-24c0-4.417969-3.582031-8-8-8h-80c-4.417969 0-8 3.582031-8 8v24h-64c-4.417969 0-8 3.582031-8 8v32c0 4.417969 3.582031 8 8 8h32v272h-32c-4.417969 0-8 3.582031-8 8v32c0 4.417969 3.582031 8 8 8h464c4.417969 0 8-3.582031 8-8v-32c0-4.417969-3.582031-8-8-8h-32v-272zm-144-64h64v16h-64zm-240 0h64v16h-64zm-72 32h448v16h-448zm448 336h-448v-16h448zm-40-32h-368v-272h368zm0 0\"><\/path><path d=\"m352 416h48c4.417969 0 8-3.582031 8-8v-48c0-4.417969-3.582031-8-8-8s-8 3.582031-8 8v40h-40c-4.417969 0-8 3.582031-8 8s3.582031 8 8 8zm0 0\"><\/path><path d=\"m80 240c4.417969 0 8-3.582031 8-8v-40h40c4.417969 0 8-3.582031 8-8s-3.582031-8-8-8h-48c-4.417969 0-8 3.582031-8 8v48c0 4.417969 3.582031 8 8 8zm0 0\"><\/path><path d=\"m112 64h16v-24h24v-16h-24v-24h-16v24h-24v16h24zm0 0\"><\/path><path d=\"m328 24h64v16h-64zm0 0\"><\/path><path d=\"m201.601562 415.304688 118.863282-151.304688h-52.648438l32-80h-97.847656l-36.578125 128h56.847656zm-14.992187-119.304688 27.421875-96h62.152344l-32 80h43.351562l-57.136718 72.695312 11.363281-56.695312zm0 0\"><\/path><\/svg>\t\t\t<\/div>\n\t\t<\/div>\n\t\t\t\t<\/div>\n\t\t\t\t<\/div>\n\t\t\t\t<div class=\"elementor-element elementor-element-b60ea35 elementor-widget elementor-widget-heading\" data-id=\"b60ea35\" data-element_type=\"widget\" data-widget_type=\"heading.default\">\n\t\t\t\t<div class=\"elementor-widget-container\">\n\t\t\t<style>\/*! elementor - v3.21.0 - 20-05-2024 *\/\n.elementor-heading-title{padding:0;margin:0;line-height:1}.elementor-widget-heading .elementor-heading-title[class*=elementor-size-]>a{color:inherit;font-size:inherit;line-height:inherit}.elementor-widget-heading .elementor-heading-title.elementor-size-small{font-size:15px}.elementor-widget-heading .elementor-heading-title.elementor-size-medium{font-size:19px}.elementor-widget-heading .elementor-heading-title.elementor-size-large{font-size:29px}.elementor-widget-heading .elementor-heading-title.elementor-size-xl{font-size:39px}.elementor-widget-heading .elementor-heading-title.elementor-size-xxl{font-size:59px}<\/style><h4 class=\"elementor-heading-title elementor-size-default\">IEC 61439-1<\/h4>\t\t<\/div>\n\t\t\t\t<\/div>\n\t\t\t\t<div class=\"elementor-element elementor-element-d18949e elementor-widget elementor-widget-heading\" data-id=\"d18949e\" data-element_type=\"widget\" data-widget_type=\"heading.default\">\n\t\t\t\t<div class=\"elementor-widget-container\">\n\t\t\t<p class=\"elementor-heading-title elementor-size-default translation-block\">Production and assembly in<br> accordance with the standards<\/p>\t\t<\/div>\n\t\t\t\t<\/div>\n\t\t\t\t\t<\/div>\n\t\t<\/div>\n\t\t\t\t<div class=\"elementor-column elementor-col-50 elementor-inner-column elementor-element elementor-element-bb8ad3b\" data-id=\"bb8ad3b\" data-element_type=\"column\">\n\t\t\t<div class=\"elementor-widget-wrap elementor-element-populated\">\n\t\t\t\t\t\t<div class=\"elementor-element elementor-element-f49ef13 elementor-view-default elementor-widget elementor-widget-icon\" data-id=\"f49ef13\" data-element_type=\"widget\" data-widget_type=\"icon.default\">\n\t\t\t\t<div class=\"elementor-widget-container\">\n\t\t\t\t\t<div class=\"elementor-icon-wrapper\">\n\t\t\t<div class=\"elementor-icon\">\n\t\t\t<svg xmlns=\"http:\/\/www.w3.org\/2000\/svg\" height=\"474pt\" viewbox=\"0 -22 474.94466 474\" width=\"474pt\"><path d=\"m467.617188 347.714844-181.472657-318.9375c-9.957031-17.5-28.539062-28.304688-48.671875-28.304688-20.132812 0-38.714844 10.804688-48.671875 28.304688l-181.472656 318.9375c-9.863281 17.332031-9.765625 38.609375.265625 55.847656 10.027344 17.242188 28.46875 27.847656 48.414062 27.847656h362.929688c19.945312 0 38.386719-10.605468 48.414062-27.847656 10.027344-17.238281 10.128907-38.515625.265626-55.847656zm-14.105469 47.804687c-7.105469 12.371094-20.308594 19.96875-34.574219 19.890625h-362.929688c-14.246093 0-27.417968-7.578125-34.582031-19.890625-7.160156-12.316406-7.230469-27.511719-.183593-39.894531l181.460937-318.9375c7.113281-12.5 20.386719-20.21875 34.769531-20.21875 14.382813 0 27.65625 7.71875 34.769532 20.21875l181.460937 318.9375c7.128906 12.363281 7.058594 27.601562-.191406 39.894531zm0 0\"><\/path><path d=\"m297.289062 159.410156h-97.847656l-36.578125 128h56.847657l-20.636719 103.304688 118.863281-151.304688h-52.648438zm-12.28125 96-57.136718 72.695313 11.359375-56.695313h-55.148438l27.421875-96h62.152344l-32 80zm0 0\"><\/path><\/svg>\t\t\t<\/div>\n\t\t<\/div>\n\t\t\t\t<\/div>\n\t\t\t\t<\/div>\n\t\t\t\t<div class=\"elementor-element elementor-element-d97e032 elementor-widget elementor-widget-heading\" data-id=\"d97e032\" data-element_type=\"widget\" data-widget_type=\"heading.default\">\n\t\t\t\t<div class=\"elementor-widget-container\">\n\t\t\t<h4 class=\"elementor-heading-title elementor-size-default\">690VAC<\/h4>\t\t<\/div>\n\t\t\t\t<\/div>\n\t\t\t\t<div class=\"elementor-element elementor-element-a77ac91 elementor-widget elementor-widget-heading\" data-id=\"a77ac91\" data-element_type=\"widget\" data-widget_type=\"heading.default\">\n\t\t\t\t<div class=\"elementor-widget-container\">\n\t\t\t<p class=\"elementor-heading-title elementor-size-default\">Operating voltage<\/p>\t\t<\/div>\n\t\t\t\t<\/div>\n\t\t\t\t\t<\/div>\n\t\t<\/div>\n\t\t\t\t\t<\/div>\n\t\t<\/section>\n\t\t\t\t\t<\/div>\n\t\t<\/div>\n\t\t\t\t<div class=\"elementor-column elementor-col-50 elementor-top-column elementor-element elementor-element-c0eb437\" data-id=\"c0eb437\" data-element_type=\"column\">\n\t\t\t<div class=\"elementor-widget-wrap elementor-element-populated\">\n\t\t\t\t\t\t<section class=\"elementor-section elementor-inner-section elementor-element elementor-element-4f592e5 elementor-section-boxed elementor-section-height-default elementor-section-height-default\" data-id=\"4f592e5\" data-element_type=\"section\">\n\t\t\t\t\t\t<div class=\"elementor-container elementor-column-gap-default\">\n\t\t\t\t\t<div class=\"elementor-column elementor-col-50 elementor-inner-column elementor-element elementor-element-1f41572\" data-id=\"1f41572\" data-element_type=\"column\">\n\t\t\t<div class=\"elementor-widget-wrap elementor-element-populated\">\n\t\t\t\t\t\t<div class=\"elementor-element elementor-element-ed5dcf7 elementor-view-default elementor-widget elementor-widget-icon\" data-id=\"ed5dcf7\" data-element_type=\"widget\" data-widget_type=\"icon.default\">\n\t\t\t\t<div class=\"elementor-widget-container\">\n\t\t\t\t\t<div class=\"elementor-icon-wrapper\">\n\t\t\t<div class=\"elementor-icon\">\n\t\t\t<svg xmlns=\"http:\/\/www.w3.org\/2000\/svg\" height=\"480pt\" viewbox=\"-80 0 480 480.03917\" width=\"480pt\"><path d=\"m319.203125 143.863281c-7.488281-73.890625-64.839844-132.910156-138.484375-142.519531-73.644531-9.605469-144.21875 32.722656-170.414062 102.21875-26.199219 69.496094-1.128907 147.878906 60.53125 189.277344 15.660156 10.382812 25.105468 27.902344 25.167968 46.695312v5.976563c-7.566406 2.617187-13.308594 8.867187-15.273437 16.628906-1.96875 7.761719.105469 15.992187 5.511719 21.898437-8.320313 9.042969-8.320313 22.957032 0 32-6.390626 7.007813-8.035157 17.132813-4.183594 25.800782 3.847656 8.667968 12.460937 14.242187 21.945312 14.199218h16c0 13.253907 10.746094 24 24 24h32c13.253906 0 24-10.746093 24-24h16c9.484375.042969 18.097656-5.53125 21.945313-14.199218 3.847656-8.667969 2.207031-18.792969-4.183594-25.800782 8.320313-9.042968 8.320313-22.957031 0-32 5.40625-5.90625 7.480469-14.136718 5.511719-21.898437-1.964844-7.761719-7.707032-14.011719-15.273438-16.628906v-5.960938c.160156-18.902343 9.714844-36.484375 25.488282-46.902343 48.820312-33.007813 75.59375-90.144532 69.710937-148.785157zm-215.199219 216.175781h112c4.417969 0 8 3.582032 8 8 0 4.417969-3.582031 8-8 8h-112c-4.417968 0-8-3.582031-8-8 0-4.417968 3.582032-8 8-8zm64-119.488281 18.527344-6.175781c4.199219-1.394531 6.46875-5.929688 5.074219-10.128906-1.398438-4.195313-5.933594-6.46875-10.128907-5.070313l-13.472656 4.511719v-23.136719l18.527344-6.175781c4.199219-1.394531 6.46875-5.929688 5.074219-10.128906-1.398438-4.195313-5.933594-6.46875-10.128907-5.070313l-13.472656 4.511719v-28.90625c0-4.417969-3.582031-8-8-8-4.417968 0-8 3.582031-8 8v28.90625l-13.472656-4.449219c-4.195312-1.394531-8.730469.875-10.128906 5.074219-1.394532 4.195312.875 8.730469 5.074218 10.125l18.527344 6.113281v23.136719l-13.472656-4.449219c-4.195312-1.394531-8.730469.875-10.128906 5.074219-1.394532 4.195312.875 8.730469 5.074218 10.125l18.527344 6.113281v33.601563c-27.519531-4.183594-40-29.832032-40-55.34375 0-23.714844 30.183594-81.210938 48-112.21875 17.816406 31.007812 48 88.496094 48 112.21875 0 25.511718-12.480468 51.199218-40 55.34375zm56 159.488281c0 4.417969-3.582031 8-8 8h-112c-4.417968 0-8-3.582031-8-8 0-4.417968 3.582032-8 8-8h112c4.417969 0 8 3.582032 8 8zm-48 64h-32c-4.417968 0-8-3.582031-8-8h48c0 4.417969-3.582031 8-8 8zm40-24h-112c-4.417968 0-8-3.582031-8-8 0-4.417968 3.582032-8 8-8h112c4.417969 0 8 3.582032 8 8 0 4.417969-3.582031 8-8 8zm24.527344-160.65625c-20.175781 13.398438-32.367188 35.949219-32.527344 60.167969v4.488281h-40v-53.761718c33.34375-3.902344 56-32.183594 56-71.496094 0-36.519531-51.304687-122.453125-57.160156-132.132812-1.550781-2.253907-4.105469-3.597657-6.839844-3.597657s-5.289062 1.34375-6.839844 3.597657c-5.855468 9.679687-57.160156 95.613281-57.160156 132.132812 0 39.3125 22.65625 67.59375 56 71.496094v53.761718h-40v-4.503906c-.070312-24.113281-12.164062-46.597656-32.238281-59.953125-52.59375-35.296875-75.945313-100.816406-57.53125-161.421875 18.410156-60.605468 74.261719-102.0625 137.601563-102.140625 63.339843-.078125 119.292968 41.238281 137.855468 101.796875s-4.625 126.136719-57.128906 161.566406zm0 0\"><\/path><path d=\"m174.964844 32.878906c-4.394532-.496094-8.355469 2.664063-8.847656 7.054688-.496094 4.394531 2.664062 8.355468 7.054687 8.847656 52.09375 6.113281 92.949219 47.589844 98.273437 99.769531.410157 4.085938 3.84375 7.195313 7.949219 7.199219h.800781c2.117188-.203125 4.0625-1.238281 5.414063-2.878906s1.992187-3.75 1.785156-5.863282c-6.09375-59.695312-52.835937-107.140624-112.429687-114.128906zm0 0\"><\/path><\/svg>\t\t\t<\/div>\n\t\t<\/div>\n\t\t\t\t<\/div>\n\t\t\t\t<\/div>\n\t\t\t\t<div class=\"elementor-element elementor-element-98e6e0d elementor-widget elementor-widget-heading\" data-id=\"98e6e0d\" data-element_type=\"widget\" data-widget_type=\"heading.default\">\n\t\t\t\t<div class=\"elementor-widget-container\">\n\t\t\t<h4 class=\"elementor-heading-title elementor-size-default\">IP30\/IP31\/IP55<\/h4>\t\t<\/div>\n\t\t\t\t<\/div>\n\t\t\t\t<div class=\"elementor-element elementor-element-965ac3c elementor-widget elementor-widget-heading\" data-id=\"965ac3c\" data-element_type=\"widget\" data-widget_type=\"heading.default\">\n\t\t\t\t<div class=\"elementor-widget-container\">\n\t\t\t<p class=\"elementor-heading-title elementor-size-default\">Protection class<\/p>\t\t<\/div>\n\t\t\t\t<\/div>\n\t\t\t\t\t<\/div>\n\t\t<\/div>\n\t\t\t\t<div class=\"elementor-column elementor-col-50 elementor-inner-column elementor-element elementor-element-a424315\" data-id=\"a424315\" data-element_type=\"column\">\n\t\t\t<div class=\"elementor-widget-wrap elementor-element-populated\">\n\t\t\t\t\t\t<div class=\"elementor-element elementor-element-a3450f2 elementor-view-default elementor-widget elementor-widget-icon\" data-id=\"a3450f2\" data-element_type=\"widget\" data-widget_type=\"icon.default\">\n\t\t\t\t<div class=\"elementor-widget-container\">\n\t\t\t\t\t<div class=\"elementor-icon-wrapper\">\n\t\t\t<div class=\"elementor-icon\">\n\t\t\t<svg xmlns=\"http:\/\/www.w3.org\/2000\/svg\" height=\"480pt\" viewbox=\"0 0 480 480\" width=\"480pt\"><path d=\"m439.824219 238.398438c-.757813-3.722657-4.03125-6.394532-7.832031-6.398438h-384c-3.796876.003906-7.070313 2.675781-7.832032 6.398438l-40 192c-.480468 2.355468.125 4.796874 1.640625 6.660156 1.519531 1.859375 3.792969 2.941406 6.191407 2.941406h184v40h96v-40h184c2.402343 0 4.675781-1.082031 6.195312-2.941406 1.515625-1.863282 2.117188-4.304688 1.636719-6.660156zm-117.804688 121.601562-4-48h58.910157l6 48zm62.910157 16 6 48h-63.574219l-4-48zm-287.871094-16 6-48h58.910156l-4 48zm59.574218 16-4 48h-63.574218l6-48zm-75.703124-16h-49.734376l10.007813-48h45.757813zm219.703124-64h-52.640624v-48h48.640624zm12.046876-48h56.25l6 48h-58.25zm-80.6875 48h-52.636719l4-48h48.636719zm-68.6875 0h-58.246094l6-48h56.246094zm14.714843 16h53.972657v48h-57.972657zm69.972657 0h53.976562l4 48h-57.976562zm145.066406 0h45.757812l9.976563 48h-49.734375zm42.398437-16h-44.398437l-6-48h40.429687zm-380.960937-48h40.433594l-6 48h-44.433594zm-26.664063 128h51.097657l-6 48h-55.105469zm140.847657 48 4-48h59.3125v48zm103.3125 40h-64v-24h64zm-24-40v-48h59.3125l4 48zm159.066406 0-6-48h51.09375l10.007812 48zm0 0\"><\/path><path d=\"m239.992188 176c35.347656 0 64-28.652344 64-64s-28.652344-64-64-64c-35.34375 0-64 28.652344-64 64 .042968 35.328125 28.671874 63.960938 64 64zm0-112c26.511718 0 48 21.492188 48 48s-21.488282 48-48 48c-26.507813 0-48-21.492188-48-48 .027343-26.5 21.503906-47.972656 48-48zm0 0\"><\/path><path d=\"m231.992188 0h16v32h-16zm0 0\"><\/path><path d=\"m155.148438 38.457031 11.3125-11.3125 22.628906 22.625-11.316406 11.316407zm0 0\"><\/path><path d=\"m127.992188 104h32v16h-32zm0 0\"><\/path><path d=\"m155.144531 185.535156 22.628907-22.625 11.3125 11.3125-22.628907 22.628906zm0 0\"><\/path><path d=\"m231.992188 192h16v32h-16zm0 0\"><\/path><path d=\"m290.90625 174.230469 11.3125-11.3125 22.628906 22.625-11.3125 11.316406zm0 0\"><\/path><path d=\"m319.992188 104h32v16h-32zm0 0\"><\/path><path d=\"m290.910156 49.769531 22.628906-22.628906 11.3125 11.3125-22.628906 22.628906zm0 0\"><\/path><\/svg>\t\t\t<\/div>\n\t\t<\/div>\n\t\t\t\t<\/div>\n\t\t\t\t<\/div>\n\t\t\t\t<div class=\"elementor-element elementor-element-2ef5565 elementor-widget elementor-widget-heading\" data-id=\"2ef5565\" data-element_type=\"widget\" data-widget_type=\"heading.default\">\n\t\t\t\t<div class=\"elementor-widget-container\">\n\t\t\t<h4 class=\"elementor-heading-title elementor-size-default\">85kA\/1sn. ve 50kA\/3sn.<\/h4>\t\t<\/div>\n\t\t\t\t<\/div>\n\t\t\t\t<div class=\"elementor-element elementor-element-e92b12c elementor-widget elementor-widget-heading\" data-id=\"e92b12c\" data-element_type=\"widget\" data-widget_type=\"heading.default\">\n\t\t\t\t<div class=\"elementor-widget-container\">\n\t\t\t<p class=\"elementor-heading-title elementor-size-default\"> Type tests<\/p>\t\t<\/div>\n\t\t\t\t<\/div>\n\t\t\t\t\t<\/div>\n\t\t<\/div>\n\t\t\t\t\t<\/div>\n\t\t<\/section>\n\t\t\t\t\t<\/div>\n\t\t<\/div>\n\t\t\t\t\t<\/div>\n\t\t<\/section>\n\t\t\t\t<div class=\"elementor-section elementor-top-section elementor-element elementor-element-734696a elementor-section-full_width nt-section section no-padding-bottom elementor-section-height-default elementor-section-height-default\" data-id=\"734696a\" data-element_type=\"section\">\n\t\t\t\t\t\t<div class=\"elementor-container elementor-column-gap-no\">\n\t\t\t\t\t<div class=\"elementor-column elementor-col-100 elementor-top-column elementor-element elementor-element-64a0e7b\" data-id=\"64a0e7b\" data-element_type=\"column\">\n\t\t\t<div class=\"elementor-widget-wrap elementor-element-populated\">\n\t\t\t\t\t\t<div class=\"elementor-element elementor-element-39a3dbd elementor-widget elementor-widget-r-energy-product-description-section\" data-id=\"39a3dbd\" data-element_type=\"widget\" data-widget_type=\"r-energy-product-description-section.default\">\n\t\t\t\t<div class=\"elementor-widget-container\">\n\t\t\t<div class=\"description-item\"><div class=\"container\"><div class=\"row align-items-center\"><div class=\"col-lg-5 col-md-5\"><div class=\"description-item__img\"><img decoding=\"async\" src=\"https:\/\/lotpano.com.tr\/wp-content\/uploads\/2022\/03\/MCC-Motor-1.png\" alt=\"MCC-Motor-1.png\"><\/div><\/div><div class=\"col-lg-6 offset-xl-1 col-md-7\"><div class=\"align-container\"><div class=\"align-item\"><div class=\"heading primary-heading\"><h3 class=\"title\">Products<\/h3><h5 class=\"subtitle translation-block\"><span>MCC \u2013\n<\/span> <span>Engine Control Center Boards<\/span><\/h5><\/div><h4>Power Center cabinets for low voltage primary distribution up to 400 A (protection class IP30\/IP31 and IP55, FORM 2 to FORM 4).<\/h4><p>Motor Control Center Panels are basically pumps, fans, mixers, conveyor belts, etc. These are the panels that physically contain the power and control circuits of the devices and equipment working in connection with the electric motors in the same cabinet.<\/p><\/div><\/div><\/div><\/div><\/div><\/div>\t\t<\/div>\n\t\t\t\t<\/div>\n\t\t\t\t\t<\/div>\n\t\t<\/div>\n\t\t\t\t\t<\/div>\n\t\t<\/div>\n\t\t\t\t<div class=\"elementor-section elementor-top-section elementor-element elementor-element-55baa46 elementor-section-full_width nt-section section no-padding-top elementor-section-height-default elementor-section-height-default\" data-id=\"55baa46\" data-element_type=\"section\">\n\t\t\t\t\t\t<div class=\"elementor-container elementor-column-gap-no\">\n\t\t\t\t\t<div class=\"elementor-column elementor-col-100 elementor-top-column elementor-element elementor-element-2a0a724\" data-id=\"2a0a724\" data-element_type=\"column\">\n\t\t\t<div class=\"elementor-widget-wrap elementor-element-populated\">\n\t\t\t\t\t\t<div class=\"elementor-element elementor-element-d9c5454 elementor-widget elementor-widget-r-energy-product-description-section\" data-id=\"d9c5454\" data-element_type=\"widget\" data-widget_type=\"r-energy-product-description-section.default\">\n\t\t\t\t<div class=\"elementor-widget-container\">\n\t\t\t<div class=\"description-item hidecolor\"><div class=\"container\"><div class=\"row align-items-center flex-column-reverse flex-md-row\"><div class=\"col-lg-6 col-md-7\"><div class=\"align-container\"><div class=\"align-item\"><div class=\"heading primary-heading\"><h3 class=\"title\">Product Details<\/h3><h5 class=\"subtitle translation-block\"><span>Basic <\/span>\n<span>Features<\/span><\/h5><\/div><ul><li>Production and assembly in accordance with IEC 61439-1 standards,<\/li><li>Capacity up to 4000 A,<\/li><li>Rated Operating Voltage up to 690VAC<\/li><li>Manufacturing in Form 2 and Form 4 structure<\/li><li>85kA\/1sec. and 50kA\/3sec. type tests for<\/li><li>Design according to drawer and fixed systems,<\/li><li>Frequency Converters, Softstarters and direct online connection according to customer demand<\/li><li>Enough wiring space for easy connection,<\/li><li>Possibility of cable entry from above and below,<\/li><li>Possibility of intervention from the front and rear,<\/li><li>Protection class IP30\/IP31\/IP55<\/li><li>Protection against mechanical impact<ul><li>IK07 with cover sheet<\/li><li>IK08 with IP30 door<\/li><li>IK10 with IP55 door<\/li><\/ul><\/li><li>Careful type, floor mounting<\/li><li>Maximum safety and security<\/li><li class=\" translation-block\">Manufacturing in a modular structure in accordance with customer-specific design and end-user demands.<\/li><\/ul><\/div><\/div><\/div><div class=\"col-lg-5 offset-xl-1 col-md-5\"><div class=\"description-item__img\"><img decoding=\"async\" src=\"https:\/\/lotpano.com.tr\/wp-content\/uploads\/2022\/03\/MCC-Motor-1-1.png\" alt=\"MCC-Motor-1-1.png\"><\/div><\/div><\/div><\/div><\/div>\t\t<\/div>\n\t\t\t\t<\/div>\n\t\t\t\t\t<\/div>\n\t\t<\/div>\n\t\t\t\t\t<\/div>\n\t\t<\/div>\n\t\t\t\t<section class=\"elementor-section elementor-top-section elementor-element elementor-element-62a9204 elementor-section-full_width elementor-section-height-default elementor-section-height-default\" data-id=\"62a9204\" data-element_type=\"section\">\n\t\t\t\t\t\t<div class=\"elementor-container elementor-column-gap-no\">\n\t\t\t\t\t<div class=\"elementor-column elementor-col-100 elementor-top-column elementor-element elementor-element-a12bb55\" data-id=\"a12bb55\" data-element_type=\"column\">\n\t\t\t<div class=\"elementor-widget-wrap elementor-element-populated\">\n\t\t\t\t\t\t<div class=\"elementor-element elementor-element-a1f198c elementor-widget elementor-widget-r-energy-product-info-parallax-section\" data-id=\"a1f198c\" data-element_type=\"widget\" data-widget_type=\"r-energy-product-info-parallax-section.default\">\n\t\t\t\t<div class=\"elementor-widget-container\">\n\t\t\t<div class=\"product-info\"><div class=\"container\">\t<div class=\"row\"><div class=\"col-xl-7 offset-xl-5 col-lg-8 offset-lg-4\"><div class=\"text-holder\"><h3 class=\"title translation-block\"><span class=\"elementor-heading-title elementor-size-default\"><span>.<span> Power Around You<\/span> <\/span><\/span><\/h3><p class=\"text translation-block\">Increase your productivity with our comprehensive portfolio of integrated solutions,<br>\nreduce your costs and achieve your sustainability goals.<br>\nDiscover innovation at every level.<\/p>\n<a style=\"color: #fff;\" href=\"https:\/\/lotpano.com.tr\/en\/urunler\/\">View Products<\/a><\/div><\/div><\/div><\/div><\/div>\t\t<\/div>\n\t\t\t\t<\/div>\n\t\t\t\t\t<\/div>\n\t\t<\/div>\n\t\t\t\t\t<\/div>\n\t\t<\/section>\n\t\t\t\t<\/div>","protected":false},"excerpt":{"rendered":"<p>LOT Pano Motor Kontrol Merkezi Panolar\u0131 (MCC) IEC 61439-1 Standartlar\u0131na uygun \u00fcretim ve montaj 690VAC \u0130\u015fletme gerilimi IP30\/IP31\/IP55 Koruma s\u0131n\u0131f\u0131 85kA\/1sn. ve 50kA\/3sn. Tip testleri \u00dcr\u00fcnler MCC \u2013 Motor Kontrol Merkezi Panolar\u0131 400 A\u2019ya kadar al\u00e7ak gerilim primer da\u011f\u0131t\u0131m\u0131 i\u00e7in G\u00fc\u00e7 Merkezi kabinleri (IP30\/IP31 ve IP55 koruma s\u0131n\u0131f\u0131, FORM 2\u2019den FORM 4\u2019e kadar). Motor Kontrol&#8230;<\/p>","protected":false},"author":1,"featured_media":0,"parent":0,"menu_order":0,"comment_status":"closed","ping_status":"closed","template":"elementor_header_footer","meta":{"_acf_changed":false,"footnotes":""},"acf":[],"_links":{"self":[{"href":"https:\/\/lotpano.com.tr\/en\/wp-json\/wp\/v2\/pages\/5326"}],"collection":[{"href":"https:\/\/lotpano.com.tr\/en\/wp-json\/wp\/v2\/pages"}],"about":[{"href":"https:\/\/lotpano.com.tr\/en\/wp-json\/wp\/v2\/types\/page"}],"author":[{"embeddable":true,"href":"https:\/\/lotpano.com.tr\/en\/wp-json\/wp\/v2\/users\/1"}],"replies":[{"embeddable":true,"href":"https:\/\/lotpano.com.tr\/en\/wp-json\/wp\/v2\/comments?post=5326"}],"version-history":[{"count":53,"href":"https:\/\/lotpano.com.tr\/en\/wp-json\/wp\/v2\/pages\/5326\/revisions"}],"predecessor-version":[{"id":6739,"href":"https:\/\/lotpano.com.tr\/en\/wp-json\/wp\/v2\/pages\/5326\/revisions\/6739"}],"wp:attachment":[{"href":"https:\/\/lotpano.com.tr\/en\/wp-json\/wp\/v2\/media?parent=5326"}],"curies":[{"name":"wp","href":"https:\/\/api.w.org\/{rel}","templated":true}]}}